{"id":139,"date":"2024-06-02T13:07:51","date_gmt":"2024-06-02T11:07:51","guid":{"rendered":"https:\/\/gbceremoniamester.hu\/adatvedelmi-tajekoztato\/"},"modified":"2024-11-18T11:26:21","modified_gmt":"2024-11-18T10:26:21","slug":"adatvedelmi-tajekoztato","status":"publish","type":"page","link":"https:\/\/gbceremoniamester.hu\/en\/adatvedelmi-tajekoztato\/","title":{"rendered":"Privacy notice"},"content":{"rendered":"<div data-elementor-type=\"wp-page\" data-elementor-id=\"139\" class=\"elementor elementor-139\" data-elementor-post-type=\"page\">\n\t\t\t\t<div class=\"elementor-element elementor-element-38e77196 e-flex e-con-boxed e-con e-parent\" data-id=\"38e77196\" data-element_type=\"container\" data-e-type=\"container\" data-settings=\"{&quot;background_background&quot;:&quot;classic&quot;}\">\n\t\t\t\t\t<div class=\"e-con-inner\">\n\t\t\t\t<div class=\"elementor-element elementor-element-605008c elementor-widget elementor-widget-heading\" data-id=\"605008c\" data-element_type=\"widget\" data-e-type=\"widget\" data-widget_type=\"heading.default\">\n\t\t\t\t<div class=\"elementor-widget-container\">\n\t\t\t\t\t<h1 class=\"elementor-heading-title elementor-size-default\">Privacy notice<\/h1>\t\t\t\t<\/div>\n\t\t\t\t<\/div>\n\t\t\t\t\t<\/div>\n\t\t\t\t<\/div>\n\t\t<div class=\"elementor-element elementor-element-4b40cc63 e-flex e-con-boxed e-con e-parent\" data-id=\"4b40cc63\" data-element_type=\"container\" data-e-type=\"container\">\n\t\t\t\t\t<div class=\"e-con-inner\">\n\t\t\t\t<div class=\"elementor-element elementor-element-1087931f elementor-widget elementor-widget-text-editor\" data-id=\"1087931f\" data-element_type=\"widget\" data-e-type=\"widget\" data-widget_type=\"text-editor.default\">\n\t\t\t\t<div class=\"elementor-widget-container\">\n\t\t\t\t\t\t\t\t\t<p>in which we inform you, as a visitor of our website and a user of our services, about our company's data management and data protection rules.<\/p><h2>1. What basic principles do we follow during our data management?<\/h2><p>Our company follows the following basic principles in its data management:<\/p><ul><li>We handle personal data legally and fairly, as well as transparently for you.<\/li><li>we store personal data in such a way that you can only be identified for the time necessary to achieve the goals of personal data management.<\/li><li>az \u00e1ltalunk gy\u0171jt\u00f6tt \u00e9s kezelt szem\u00e9lyes adatok az adatkezel\u00e9s c\u00e9ljai szempontj\u00e1b\u00f3l megfelel\u0151ek \u00e9s relev\u00e1nsak, valamint csak a sz\u00fcks\u00e9gesre korl\u00e1toz\u00f3dnak.<\/li><li>T\u00e1rsas\u00e1gunk minden \u00e9szszer\u0171 int\u00e9zked\u00e9st megtesz annak \u00e9rdek\u00e9ben, hogy az \u00e1ltalunk kezelt adatok pontosak \u00e9s sz\u00fcks\u00e9g eset\u00e9n naprak\u00e9szek legyenek, a pontatlan szem\u00e9lyes adatokat halad\u00e9ktalanul t\u00f6r\u00f6lj\u00fck vagy helyesb\u00edtj\u00fck.<\/li><li>a szem\u00e9lyes adatokat olyan form\u00e1ban t\u00e1roljuk, hogy \u00d6n csak a szem\u00e9lyes adatok kezel\u00e9se c\u00e9ljainak el\u00e9r\u00e9s\u00e9hez sz\u00fcks\u00e9ges ideig legyen azonos\u00edthat\u00f3.<\/li><li>by applying appropriate technical and organizational measures, we ensure adequate security of personal data against unauthorized or illegal processing, accidental loss, destruction or damage.<\/li><li>Our company handles your personal data<\/li><li>based on your prior information and voluntary consent and only to the extent necessary and in each case for a purpose, i.e. we collect, record, systematize, store and use it.<\/li><li>in some cases, the handling of your data is based on legal regulations and is mandatory, in such cases we draw your attention to this fact.<\/li><li>and in certain cases, our Company or a third party has a legitimate interest in the management of your personal data, for example the operation, development and security of our website.<\/li><\/ul><h2>Who are we?<\/h2><p>V\u00e1lalkoz\u00e1s neve: MBM Adventures Kft.<br \/>Sz\u00e9khely: 2330<span style=\"color: #000000; font-family: Arial; font-size: 13px; white-space-collapse: preserve;\"> Dunaharaszti Arany J\u00e1nos utca 40.<\/span><br \/>Weboldal: ____________________<br \/>Postac\u00edm: 2330<span style=\"color: #000000; font-family: Arial; font-size: 13px; white-space-collapse: preserve;\"> Dunaharaszti Arany J\u00e1nos utca 40.<\/span><br \/>E-mail c\u00edm: balazs.galisz9@gmail.com<br \/>Ad\u00f3sz\u00e1m: 26555373-1-13<br \/>C\u00e9gjegyz\u00e9ksz\u00e1m: 13-09-236155<\/p><p>Based on Article 37 of the GDPR, our company is not obliged to appoint a data protection officer<\/p><h4>Our company's hosting provider:<\/h4><p>name of the hosting service provider: Rackhost Zrt.<\/p><p>The registered office of the hosting service provider is: Tisza Lajos k\u00f6r\u00fat 41, 6722 Szeged.<\/p><p>Website of hosting service provider: www.rakchost.hu <a href=\"https:\/\/www.rackhost.hu\/\" target=\"_blank\" rel=\"noopener\">www.rakchost.hu<\/a><\/p><p>T\u00e1rhelyszolg\u00e1ltat\u00f3 email c\u00edme: <a href=\"mailto:info@rackhost.hu\" data-trid=\"136\">info@rackhost.hu<\/a><\/p><p>Our company uses the following data processors when handling data - in order to provide high-quality service to our customers:<\/p><p>Adatkezel\u0151 (1): MBM Adventures Kft.<\/p><p>C\u00edm (1): 2330 Dunaharaszti Arany J\u00e1nos utca 40.<\/p><p>Responsibilities (1): All activities<\/p><p>If we change the scope of our data processors, we will introduce the changes in this information.<\/p><p><strong>The data we manage: <\/strong><\/p><p>We only ask our website visitors for their personal data if they want to register, log in, or participate in a prize draw.<\/p><p>We cannot connect the personal data provided in connection with registration or the use of our marketing services, and the identification of our visitors is basically not our goal.<\/p><p>If you have questions about data management, you can request further information by e-mail at info@selfieandmore.hu or you can request further information by mail, we will send you our answer within 15 days (but no more than 1 month) to the contact information you provided.<\/p><h2>3. What are cookies and how do we manage them?<\/h2><p>Cookies are small data files (hereinafter referred to as \"cookies\") that are transferred to your computer through the use of the website, saved and stored by your Internet browser. The majority of the most commonly used internet browsers (Chrome, Firefox, etc.) accept and enable the download and use of cookies by default, but it is up to you to refuse or disable them by changing your browser settings, as well as the cookies already stored on your computer can delete it. The \"help\" menu item of each browser provides more information on the use of cookies.<\/p><p>There are cookies that do not require your prior consent. Our website provides brief information about these at the start of your first visit, such as authentication, multimedia player, load balancer, session cookies that help customize the user interface, and user-centric security cookies.<\/p><p>Our Company will inform you about cookies that require consent - if data management already starts when you visit the page - at the start of the first visit and we ask for your consent.<\/p><p>Our company does not use or allow cookies that allow third parties to collect data without your consent.<\/p><p>Acceptance of cookies is not mandatory, however, our Company does not assume responsibility if our website does not function as expected if cookies are not allowed.<\/p><h3>What cookies do we use?<\/h3><p class=\"translation-block\">Name: _ga\nService provider: gbceremoniamester.hu\nPurpose: Register the unique identifier that generates statistical data on how the visitor uses the website.\nMaturity: 2 years\nType: HTTP<\/p><p class=\"translation-block\">Name: _gat\nService provider: gbceremoniamester.hu\nPurpose: Stores the throttle request rate used by Google Analytics.\nExpiry: Session\nType: HTTP<\/p><p class=\"translation-block\">Name: _gid\nService provider: gbceremoniamester.hu\nPurpose: Register the unique identifier that generates statistical data on how the visitor uses the website.\nExpiry: Session\nType: HTTP<\/p><p class=\"translation-block\">Name: _fbp\nService provider: gbceremoniamester.hu\nPurpose: Used by Facebook to provide advertising products for a third party (e.g. real-time advertising)\nExpiration date: 3 months\nType: HTTP<\/p><p class=\"translation-block\">Name: Fr\nProvider: facebook.com\nPurpose: Facebook uses this cookie to offer a range of advertising products (such as real-time bidding from third-party advertisers)\nExpiration date: 3 months\nType: HTTP<\/p><p>More details about third-party cookies here <a href=\"https:\/\/policies.google.com\/technologies\/cookies?hl=hu#types-of-cookies\" target=\"_blank\" rel=\"noopener\">https:\/\/policies.google.com\/technologies\/cookies?hl=hu#types-of-cookies<\/a> .<\/p><h2>4. What else you need to know about our data management related to our website<\/h2><p>You voluntarily provide us with your personal data during registration and contact with our Company, which is why we ask that you gradually ensure that your data is truthful, correct and accurate, because you are responsible for this. Incorrect, inaccurate or incomplete data can be an obstacle to the use of our services.<\/p><p>If you enter personal data other than your own, we assume that you have the necessary authorization.<\/p><p>You can withdraw your consent to data management at any time free of charge<\/p><ul><li>by canceling the registration,<\/li><li>by withdrawing consent to data management, or<\/li><li>by withdrawing or requesting the blocking of consent to the management or use of any data that must be filled in during registration.<\/li><\/ul><p class=\"translation-block\">For technical reasons, we undertake the registration of the withdrawal of consent within a deadline of 30 days, however, we would like to draw your attention to the fact that in order to fulfill our legal obligations or enforce our legitimate interests, we may process certain data even after the withdrawal of consent.<\/p><p>In the event of the use of misleading personal data, or if one of our visitors commits a crime or attacks our Company's system, we will immediately delete the data of that visitor at the same time as canceling their registration, and - if necessary - we will keep them for the duration of the establishment of civil liability or the conduct of criminal proceedings.<\/p><h2>5. What do you need to know about our data management for direct marketing and newsletter purposes?<\/h2><p>You can give your consent for us to use your personal data for marketing purposes by making a statement during registration or later, by changing your personal data stored on the newsletter and\/or direct marketing registration interface (i.e. by clearly declaring your intention to consent). In this case - until you withdraw your consent - we will also process your data for direct marketing and\/or sending newsletters and we will send you advertising and other mailings, as well as information and offers and\/or forward newsletters (Grtv. \u00a7 6).<\/p><p>You can give your consent to direct marketing and the newsletter together or separately, and you can withdraw it\/them free of charge and at any time.<\/p><p>Cancellation of registration is always considered a withdrawal of consent. Withdrawal of consent to data management for direct marketing and\/or newsletter purposes is not interpreted as withdrawal of consent to data management related to our website. How is this? What and on what basis do we keep it if the newsletter consent has been withdrawn? In the case of contributions, each contribution is for a specific purpose, so registering tomorrow and signing up for the newsletter are two separate purposes, two separate databases, the two cannot be related.<\/p><p class=\"translation-block\">For technical reasons, we undertake the registration of the withdrawal or cancellation of individual consents within 15 days.<\/p><h2>6. What do you need to know about sweepstakes?<\/h2><p>Our company can organize prize games with a campaign character, the specific conditions of which are contained in a separate regulation. The rules of the current campaign can always be found on the opening page of our website, in a centrally located link.<\/p><h2>7. Other data management issues<\/h2><p>We can only forward your data within the framework defined by law, and in the case of our data processors, we ensure by stipulating contractual conditions that they cannot use your personal data for purposes contrary to your consent. More information can be found in point 2.<\/p><p>Our company does not transfer data abroad.<\/p><p>The court, the prosecutor's office and other authorities (e.g. police, tax office, National Data Protection and Freedom of Information Authority) may contact our Company to provide information, provide data or make documents available. In these cases, we must fulfill our obligation to provide data, but only to the extent that is absolutely necessary to achieve the purpose of the request.<\/p><p>Our company's contributors and employees involved in data management and\/or data processing are entitled to access your personal data to a predetermined extent - subject to the obligation of confidentiality.<\/p><p>We protect your personal data with appropriate technical and other measures, as well as ensure the security and availability of the data, as well as protect them from unauthorized access, alteration, damage, disclosure and any other unauthorized use.<\/p><p>As part of organizational measures, we check physical access in our buildings, we continuously train our employees and keep paper-based documents locked away with appropriate protection. As part of the technical measures, we use encryption, password protection and anti-virus software. However, we draw your attention to the fact that data transmission via the Internet cannot be considered a fully secure data transmission. Our company does everything in order to make the processes as secure as possible, however, we cannot assume full responsibility for the transmission of data through our website, but we adhere to strict regulations regarding the data received by our company in order to protect your data and prevent illegal access.<\/p><p>Regarding security issues, we ask for your help in carefully saving your existing access password for our website and not sharing this password with anyone.<\/p><h2>8. What are your rights and remedies?<\/h2><p>You about data management<\/p><ul><li>you can request information<\/li><li>you can request the correction, modification or addition of your personal data managed by us,<\/li><li>you can object to data processing and request the deletion and blocking of your data (with the exception of mandatory data processing),<\/li><li>can take legal action in court,<\/li><li>can file a complaint with the supervisory authority or initiate a procedure (<a href=\"https:\/\/naih.hu\/panaszuegyintezes-rendje.html\" target=\"_blank\" rel=\"noopener\">https:\/\/naih.hu\/panaszuegyintezes-rendje.html<\/a>).<\/li><\/ul><p>Supervisory Authority: National Data Protection and Freedom of Information Authority<\/p><ul><li class=\"translation-block\">Headquarters: 1055 Budapest,\nFalk Miksa utca 9-11<\/li><li>Mailing address: 1363 Budapest, Pf.: 9.<\/li><li>Phone: +36 (1) 391-1400<\/li><li>Fax: +36 (1) 391-1410<\/li><li>E-mail: ugyfelszolgalat@naih.hu<\/li><\/ul><p>Website: https:\/\/naih.hu\/<\/p><p>Upon your request, we provide information about the data you manage or process by us - or by our commissioned data processor<\/p><ul><li>about your data,<\/li><li>about their source,<\/li><li>the purpose and legal basis of data management,<\/li><li>duration, and if this is not possible, the criteria for determining this duration,<\/li><li>az adatfeldolgoz\u00f3ink nev\u00e9r\u0151l, c\u00edm\u00e9r\u0151l \u00e9s az adatkezel\u00e9ssel \u00f6sszef\u00fcgg\u0151 tev\u00e9kenys\u00e9g\u00fckr\u0151l,<\/li><li>about the circumstances and effects of data protection incidents and the measures we have taken to avoid and prevent them, and<\/li><li>in the case of forwarding your personal data, about the legal basis of the data transfer and the recipient.<\/li><\/ul><p>We will provide our information within 15 days (but no later than 1 month) of submitting the application. The information is free of charge, unless you have already submitted an information request to us for the same data area in the current year. The reimbursement you have already paid will be refunded in the event that the data was handled unlawfully or the request for information led to a correction. Information can only be denied in cases provided for by law by indicating the legal place, as well as by providing information about the possibility of legal remedies or turning to the Authority.<\/p><p>Our company will notify you and all those to whom it previously forwarded the data for the purpose of data management about the correction, blocking, marking and deletion of personal data, unless the failure to notify does not harm your legitimate interests.<\/p><p>If we do not comply with your request for correction, blocking or deletion, within 15 days (but no later than 1 month) after receiving the request, we will inform you in writing or - with your consent - electronically, of the reasons for our refusal and inform you of the legal remedy in court, as well as the appeal to the Authority about the possibility.<\/p><p>If you object to the processing of your personal data, we will examine the objection within 15 days (but no later than 1 month) of submitting the request and inform you of our decision in writing. If we have decided that your protest is well-founded, in that case we will terminate the data management - including further data collection and data transmission - and block the data, as well as notify all those to whom the protest was made about the protest and the measures taken based on it. affected personal data was previously transmitted, and who are obliged to take measures to enforce the right to protest.<\/p><p>We will refuse to comply with the request if we prove that the data processing is justified by compelling legitimate reasons that take precedence over your interests, rights and freedoms, or that are related to the presentation, enforcement or defense of legal claims. If you do not agree with our decision, or if we miss the deadline, you can go to court within 30 days from the notification of the decision or the last day of the deadline.<\/p><p>Adjudication of data protection lawsuits falls under the competence of the court, the lawsuit can also be initiated before the court of the residence or place of residence of the data subject - at the choice of the data subject. A foreign citizen can also file a complaint with the competent supervisory authority according to his place of residence.<\/p><p><strong>We ask that you contact our company before filing your complaint with the supervisory authority or the court - in order to negotiate and resolve the problem as quickly as possible.<\/strong><\/p><h2>9. What are the main governing laws for our activities?<\/h2><ul><li>Regulation (EU) 2016\/679 of the European Parliament and of the Council on the processing of personal data of natural persons (GDPR)<\/li><li>CXII of 2011 on the right to information self-determination and freedom of information. law - (Info tv.)<\/li><li>Act V of 2013 on the Civil Code (Ptk.)<\/li><li>CVIII of 2001 on certain issues of electronic commercial services and services related to the information society. law - (Eker tv.)<\/li><li>Act C of 2003 on electronic communications - (Ehtv)<\/li><li>CLV of 1997 on consumer protection. law (Fogyv tv.)<\/li><li>CLXV of 2013 on complaints and notifications of public interest. law. (Pktv.)<\/li><li>XLVIII of 2008 on the basic conditions and certain limitations of economic advertising activity. law (Grtv.)<\/li><\/ul><h2>10. Modification of data management information<\/h2><p class=\"translation-block\">Our company reserves the right to amend this Data Management Information, of which it will inform the affected parties in an appropriate manner. Information related to data management is published on the gbceremoniamester.hu website.<\/p>\t\t\t\t\t\t\t\t<\/div>\n\t\t\t\t<\/div>\n\t\t\t\t<div class=\"elementor-element elementor-element-6b108d47 elementor-widget elementor-widget-text-editor\" data-id=\"6b108d47\" data-element_type=\"widget\" data-e-type=\"widget\" data-widget_type=\"text-editor.default\">\n\t\t\t\t<div class=\"elementor-widget-container\">\n\t\t\t\t\t\t\t\t\t<p>Budapest, 2023.04.01.<\/p>\t\t\t\t\t\t\t\t<\/div>\n\t\t\t\t<\/div>\n\t\t\t\t\t<\/div>\n\t\t\t\t<\/div>\n\t\t\t\t<\/div>","protected":false},"excerpt":{"rendered":"<p>Adatv\u00e9delmi t\u00e1j\u00e9koztat\u00f3 amelyben t\u00e1j\u00e9koztatjuk \u00d6nt, mint honlapunk l\u00e1togat\u00f3j\u00e1t, valamint szolg\u00e1ltat\u00e1saink ig\u00e9nybe vev\u0151j\u00e9t t\u00e1rsas\u00e1gunk adatkezel\u00e9si \u00e9s adatv\u00e9delmi szab\u00e1lyair\u00f3l. 1. Milyen alapelveket k\u00f6vet\u00fcnk adatkezel\u00e9s\u00fcnk sor\u00e1n? T\u00e1rsas\u00e1gunk az adatkezel\u00e9se sor\u00e1n al\u00e1bbi alapelveket k\u00f6veti: a szem\u00e9lyes adatokat jogszer\u0171en \u00e9s tisztess\u00e9gesen, valamint az \u00d6n sz\u00e1m\u00e1ra \u00e1tl\u00e1that\u00f3an kezelj\u00fck. a szem\u00e9lyes adatokat csak meghat\u00e1rozott, egy\u00e9rtelm\u0171 \u00e9s jogszer\u0171 c\u00e9lb\u00f3l gy\u0171jtj\u00fck \u00e9s azokat nem [&hellip;]<\/p>\n","protected":false},"author":1,"featured_media":0,"parent":0,"menu_order":0,"comment_status":"closed","ping_status":"closed","template":"","meta":{"footnotes":""},"class_list":["post-139","page","type-page","status-publish","hentry"],"_links":{"self":[{"href":"https:\/\/gbceremoniamester.hu\/en\/wp-json\/wp\/v2\/pages\/139","targetHints":{"allow":["GET"]}}],"collection":[{"href":"https:\/\/gbceremoniamester.hu\/en\/wp-json\/wp\/v2\/pages"}],"about":[{"href":"https:\/\/gbceremoniamester.hu\/en\/wp-json\/wp\/v2\/types\/page"}],"author":[{"embeddable":true,"href":"https:\/\/gbceremoniamester.hu\/en\/wp-json\/wp\/v2\/users\/1"}],"replies":[{"embeddable":true,"href":"https:\/\/gbceremoniamester.hu\/en\/wp-json\/wp\/v2\/comments?post=139"}],"version-history":[{"count":28,"href":"https:\/\/gbceremoniamester.hu\/en\/wp-json\/wp\/v2\/pages\/139\/revisions"}],"predecessor-version":[{"id":922,"href":"https:\/\/gbceremoniamester.hu\/en\/wp-json\/wp\/v2\/pages\/139\/revisions\/922"}],"wp:attachment":[{"href":"https:\/\/gbceremoniamester.hu\/en\/wp-json\/wp\/v2\/media?parent=139"}],"curies":[{"name":"wp","href":"https:\/\/api.w.org\/{rel}","templated":true}]}}