{"id":148,"date":"2024-06-02T13:07:51","date_gmt":"2024-06-02T11:07:51","guid":{"rendered":"https:\/\/gbceremoniamester.hu\/blog\/"},"modified":"2024-06-02T13:08:05","modified_gmt":"2024-06-02T11:08:05","slug":"blog","status":"publish","type":"page","link":"https:\/\/gbceremoniamester.hu\/en\/blog\/","title":{"rendered":"Blog"},"content":{"rendered":"<div data-elementor-type=\"wp-page\" data-elementor-id=\"148\" class=\"elementor elementor-148\" data-elementor-post-type=\"page\">\n\t\t\t\t<div class=\"elementor-element elementor-element-380f498a e-flex e-con-boxed e-con e-parent\" data-id=\"380f498a\" data-element_type=\"container\" data-e-type=\"container\">\n\t\t\t\t\t<div class=\"e-con-inner\">\n\t\t\t\t<div class=\"elementor-element elementor-element-2e6ea35 elementor-widget elementor-widget-heading\" data-id=\"2e6ea35\" data-element_type=\"widget\" data-e-type=\"widget\" data-widget_type=\"heading.default\">\n\t\t\t\t<div class=\"elementor-widget-container\">\n\t\t\t\t\t<h1 class=\"elementor-heading-title elementor-size-default\">Blog<\/h1>\t\t\t\t<\/div>\n\t\t\t\t<\/div>\n\t\t\t\t<div class=\"elementor-element elementor-element-70d9b917 elementor-grid-4 elementor-grid-tablet-2 elementor-grid-mobile-1 elementor-posts--thumbnail-top elementor-widget elementor-widget-posts\" data-id=\"70d9b917\" data-element_type=\"widget\" data-e-type=\"widget\" data-settings=\"{&quot;classic_columns&quot;:&quot;4&quot;,&quot;classic_row_gap&quot;:{&quot;unit&quot;:&quot;px&quot;,&quot;size&quot;:24,&quot;sizes&quot;:[]},&quot;classic_columns_tablet&quot;:&quot;2&quot;,&quot;classic_columns_mobile&quot;:&quot;1&quot;,&quot;classic_row_gap_laptop&quot;:{&quot;unit&quot;:&quot;px&quot;,&quot;size&quot;:&quot;&quot;,&quot;sizes&quot;:[]},&quot;classic_row_gap_tablet&quot;:{&quot;unit&quot;:&quot;px&quot;,&quot;size&quot;:&quot;&quot;,&quot;sizes&quot;:[]},&quot;classic_row_gap_mobile&quot;:{&quot;unit&quot;:&quot;px&quot;,&quot;size&quot;:&quot;&quot;,&quot;sizes&quot;:[]}}\" data-widget_type=\"posts.classic\">\n\t\t\t\t<div class=\"elementor-widget-container\">\n\t\t\t\t\t\t\t<div class=\"elementor-posts-container elementor-posts elementor-posts--skin-classic elementor-grid\">\n\t\t\t\t<article class=\"elementor-post elementor-grid-item post-939 post type-post status-publish format-standard has-post-thumbnail hentry category-eskuvo\">\n\t\t\t\t<a class=\"elementor-post__thumbnail__link\" href=\"https:\/\/gbceremoniamester.hu\/en\/ceremoniamester-miert-fontos\/\" tabindex=\"-1\">\n\t\t\t<div class=\"elementor-post__thumbnail\"><img fetchpriority=\"high\" decoding=\"async\" width=\"1024\" height=\"683\" src=\"https:\/\/gbceremoniamester.hu\/wp\/wp-content\/uploads\/2024\/06\/ceremoniamester-eskuvo-27.jpg\" class=\"attachment-full size-full wp-image-464\" alt=\"ceremoniamester-eskuvo-27\" srcset=\"https:\/\/gbceremoniamester.hu\/wp\/wp-content\/uploads\/2024\/06\/ceremoniamester-eskuvo-27.jpg 1024w, https:\/\/gbceremoniamester.hu\/wp\/wp-content\/uploads\/2024\/06\/ceremoniamester-eskuvo-27-300x200.jpg 300w, https:\/\/gbceremoniamester.hu\/wp\/wp-content\/uploads\/2024\/06\/ceremoniamester-eskuvo-27-768x512.jpg 768w\" sizes=\"(max-width: 1024px) 100vw, 1024px\" \/><\/div>\n\t\t<\/a>\n\t\t\t\t<div class=\"elementor-post__text\">\n\t\t\t\t<h3 class=\"elementor-post__title\">\n\t\t\t<a href=\"https:\/\/gbceremoniamester.hu\/en\/ceremoniamester-miert-fontos\/\">\n\t\t\t\tMaster of Ceremonies \u2013 Why is it important to have one?\t\t\t<\/a>\n\t\t<\/h3>\n\t\t\t\t<div class=\"elementor-post__excerpt\">\n\t\t\t<p>A wedding is one of the most important days of your life, full of excitement, emotions and of course, lots of organizing tasks. However, the key to a well-organized wedding is not only in the details,<\/p>\n\t\t<\/div>\n\t\t\n\t\t<a class=\"elementor-post__read-more\" href=\"https:\/\/gbceremoniamester.hu\/en\/ceremoniamester-miert-fontos\/\" aria-label=\"Read more about Cerem\u00f3niamester &#8211; Mi\u00e9rt is fontos, hogy legyen?\" tabindex=\"-1\">\n\t\t\tTov\u00e1bb olvasom \u00bb\t\t<\/a>\n\n\t\t\t\t<\/div>\n\t\t\t\t<\/article>\n\t\t\t\t<article class=\"elementor-post elementor-grid-item post-934 post type-post status-publish format-standard has-post-thumbnail hentry category-eskuvo\">\n\t\t\t\t<a class=\"elementor-post__thumbnail__link\" href=\"https:\/\/gbceremoniamester.hu\/en\/ceremoniamester-es-vofely\/\" tabindex=\"-1\">\n\t\t\t<div class=\"elementor-post__thumbnail\"><img decoding=\"async\" width=\"490\" height=\"768\" src=\"https:\/\/gbceremoniamester.hu\/wp\/wp-content\/uploads\/2024\/11\/ceremoniamester-budapest-1.jpg\" class=\"attachment-full size-full wp-image-912\" alt=\"ceremoniamester-budapest-1\" srcset=\"https:\/\/gbceremoniamester.hu\/wp\/wp-content\/uploads\/2024\/11\/ceremoniamester-budapest-1.jpg 490w, https:\/\/gbceremoniamester.hu\/wp\/wp-content\/uploads\/2024\/11\/ceremoniamester-budapest-1-191x300.jpg 191w, https:\/\/gbceremoniamester.hu\/wp\/wp-content\/uploads\/2024\/11\/ceremoniamester-budapest-1-8x12.jpg 8w\" sizes=\"(max-width: 490px) 100vw, 490px\" \/><\/div>\n\t\t<\/a>\n\t\t\t\t<div class=\"elementor-post__text\">\n\t\t\t\t<h3 class=\"elementor-post__title\">\n\t\t\t<a href=\"https:\/\/gbceremoniamester.hu\/en\/ceremoniamester-es-vofely\/\">\n\t\t\t\tWhat is the difference between a best man and a master of ceremonies?\t\t\t<\/a>\n\t\t<\/h3>\n\t\t\t\t<div class=\"elementor-post__excerpt\">\n\t\t\t<p>When planning a wedding, one of the most important decisions is who will be in charge of the big day. There are two popular choices for couples: best man and<\/p>\n\t\t<\/div>\n\t\t\n\t\t<a class=\"elementor-post__read-more\" href=\"https:\/\/gbceremoniamester.hu\/en\/ceremoniamester-es-vofely\/\" aria-label=\"Read more about Mi a k\u00fcl\u00f6nbs\u00e9g a v\u0151f\u00e9ly \u00e9s a cerem\u00f3niamester k\u00f6z\u00f6tt?\" tabindex=\"-1\">\n\t\t\tTov\u00e1bb olvasom \u00bb\t\t<\/a>\n\n\t\t\t\t<\/div>\n\t\t\t\t<\/article>\n\t\t\t\t<article class=\"elementor-post elementor-grid-item post-923 post type-post status-publish format-standard has-post-thumbnail hentry category-eskuvo\">\n\t\t\t\t<a class=\"elementor-post__thumbnail__link\" href=\"https:\/\/gbceremoniamester.hu\/en\/ceremoniamester-es-eskuvoi-jatekok\/\" tabindex=\"-1\">\n\t\t\t<div class=\"elementor-post__thumbnail\"><img decoding=\"async\" width=\"1024\" height=\"683\" src=\"https:\/\/gbceremoniamester.hu\/wp\/wp-content\/uploads\/2024\/06\/ceremoniamester-eskuvo-16.jpg\" class=\"attachment-full size-full wp-image-453\" alt=\"ceremoniamester-eskuvo-16\" srcset=\"https:\/\/gbceremoniamester.hu\/wp\/wp-content\/uploads\/2024\/06\/ceremoniamester-eskuvo-16.jpg 1024w, https:\/\/gbceremoniamester.hu\/wp\/wp-content\/uploads\/2024\/06\/ceremoniamester-eskuvo-16-300x200.jpg 300w, https:\/\/gbceremoniamester.hu\/wp\/wp-content\/uploads\/2024\/06\/ceremoniamester-eskuvo-16-768x512.jpg 768w\" sizes=\"(max-width: 1024px) 100vw, 1024px\" \/><\/div>\n\t\t<\/a>\n\t\t\t\t<div class=\"elementor-post__text\">\n\t\t\t\t<h3 class=\"elementor-post__title\">\n\t\t\t<a href=\"https:\/\/gbceremoniamester.hu\/en\/ceremoniamester-es-eskuvoi-jatekok\/\">\n\t\t\t\tMaster of Ceremonies and Wedding Games: Creating the Perfect Mood\t\t\t<\/a>\n\t\t<\/h3>\n\t\t\t\t<div class=\"elementor-post__excerpt\">\n\t\t\t<p>Weddings are a lifetime event, and we want to make every moment special and memorable. Wedding games are a key element of entertainment that helps guests actively participate in the events of the big day. A professional<\/p>\n\t\t<\/div>\n\t\t\n\t\t<a class=\"elementor-post__read-more\" href=\"https:\/\/gbceremoniamester.hu\/en\/ceremoniamester-es-eskuvoi-jatekok\/\" aria-label=\"Read more about Cerem\u00f3niamester \u00e9s Esk\u00fcv\u0151i J\u00e1t\u00e9kok: A T\u00f6k\u00e9letes Hangulat Kialak\u00edt\u00e1sa\" tabindex=\"-1\">\n\t\t\tTov\u00e1bb olvasom \u00bb\t\t<\/a>\n\n\t\t\t\t<\/div>\n\t\t\t\t<\/article>\n\t\t\t\t<article class=\"elementor-post elementor-grid-item post-247 post type-post status-publish format-standard has-post-thumbnail hentry category-eskuvo tag-ceremoniamester tag-cm tag-eskuvo tag-eskuvoszervezes tag-selfie360 tag-selfiespinner tag-szelfigep\">\n\t\t\t\t<a class=\"elementor-post__thumbnail__link\" href=\"https:\/\/gbceremoniamester.hu\/en\/hogyan-valaszd-ki-a-tokeletes-ceremoniamestert\/\" tabindex=\"-1\">\n\t\t\t<div class=\"elementor-post__thumbnail\"><img loading=\"lazy\" decoding=\"async\" width=\"1024\" height=\"993\" src=\"https:\/\/gbceremoniamester.hu\/wp\/wp-content\/uploads\/2024\/06\/ceremoniamester-eskuvore.jpg\" class=\"attachment-full size-full wp-image-413\" alt=\"ceremoniamester-eskuvore\" srcset=\"https:\/\/gbceremoniamester.hu\/wp\/wp-content\/uploads\/2024\/06\/ceremoniamester-eskuvore.jpg 1024w, https:\/\/gbceremoniamester.hu\/wp\/wp-content\/uploads\/2024\/06\/ceremoniamester-eskuvore-300x291.jpg 300w, https:\/\/gbceremoniamester.hu\/wp\/wp-content\/uploads\/2024\/06\/ceremoniamester-eskuvore-768x745.jpg 768w\" sizes=\"(max-width: 1024px) 100vw, 1024px\" \/><\/div>\n\t\t<\/a>\n\t\t\t\t<div class=\"elementor-post__text\">\n\t\t\t\t<h3 class=\"elementor-post__title\">\n\t\t\t<a href=\"https:\/\/gbceremoniamester.hu\/en\/hogyan-valaszd-ki-a-tokeletes-ceremoniamestert\/\">\n\t\t\t\tHow to choose the perfect master of ceremonies for your wedding?\t\t\t<\/a>\n\t\t<\/h3>\n\t\t\t\t<div class=\"elementor-post__excerpt\">\n\t\t\t<p>Planning a wedding is a lot of small details, and one of the most important factors that help the day run smoothly is none other than<\/p>\n\t\t<\/div>\n\t\t\n\t\t<a class=\"elementor-post__read-more\" href=\"https:\/\/gbceremoniamester.hu\/en\/hogyan-valaszd-ki-a-tokeletes-ceremoniamestert\/\" aria-label=\"Read more about Hogyan v\u00e1laszd ki a t\u00f6k\u00e9letes cerem\u00f3niamestert az esk\u00fcv\u0151dre?\" tabindex=\"-1\">\n\t\t\tTov\u00e1bb olvasom \u00bb\t\t<\/a>\n\n\t\t\t\t<\/div>\n\t\t\t\t<\/article>\n\t\t\t\t<\/div>\n\t\t\n\t\t\t\t\t\t<\/div>\n\t\t\t\t<\/div>\n\t\t\t\t\t<\/div>\n\t\t\t\t<\/div>\n\t\t\t\t<\/div>","protected":false},"excerpt":{"rendered":"<p>Blog<\/p>","protected":false},"author":1,"featured_media":0,"parent":0,"menu_order":0,"comment_status":"closed","ping_status":"closed","template":"","meta":{"footnotes":""},"class_list":["post-148","page","type-page","status-publish","hentry"],"_links":{"self":[{"href":"https:\/\/gbceremoniamester.hu\/en\/wp-json\/wp\/v2\/pages\/148","targetHints":{"allow":["GET"]}}],"collection":[{"href":"https:\/\/gbceremoniamester.hu\/en\/wp-json\/wp\/v2\/pages"}],"about":[{"href":"https:\/\/gbceremoniamester.hu\/en\/wp-json\/wp\/v2\/types\/page"}],"author":[{"embeddable":true,"href":"https:\/\/gbceremoniamester.hu\/en\/wp-json\/wp\/v2\/users\/1"}],"replies":[{"embeddable":true,"href":"https:\/\/gbceremoniamester.hu\/en\/wp-json\/wp\/v2\/comments?post=148"}],"version-history":[{"count":4,"href":"https:\/\/gbceremoniamester.hu\/en\/wp-json\/wp\/v2\/pages\/148\/revisions"}],"predecessor-version":[{"id":312,"href":"https:\/\/gbceremoniamester.hu\/en\/wp-json\/wp\/v2\/pages\/148\/revisions\/312"}],"wp:attachment":[{"href":"https:\/\/gbceremoniamester.hu\/en\/wp-json\/wp\/v2\/media?parent=148"}],"curies":[{"name":"wp","href":"https:\/\/api.w.org\/{rel}","templated":true}]}}